{"id":34,"date":"2020-05-28T16:28:26","date_gmt":"2020-05-28T16:28:26","guid":{"rendered":"https:\/\/nagelfluhkunst.de\/?page_id=34"},"modified":"2020-06-27T15:39:50","modified_gmt":"2020-06-27T15:39:50","slug":"nagelfluhstein","status":"publish","type":"page","link":"https:\/\/nagelfluhkunst.de\/?page_id=34","title":{"rendered":"Nagelfluhstein"},"content":{"rendered":"<p>Mancher wird bestimmt denken: &#8222;Das ist doch keine KUNST ein paar Steine sammeln und lackieren! Das kann doch jeder selber machen.&#8220; Stimmt &#8211; eigentlich k\u00f6nnte es jeder selbst machen. Wenn er hier in einen Tobel geht, dort eine Weile ins Wasser guckt, im Bach watet und sich die Steine an Grund und Ufer einmal genau anschaut. Hier gibt es viele bunte, gemusterte, wunderbare St\u00fccke unter den Wirbeln eisigen Bergbachwassers zu entdecken. Oft abgeschliffen durch die Reise im Bachbett den Tobel hinunter. Aber eben nur wenn man genau hin sieht, am besten mit den Augen eines Kindes \ud83d\ude09<\/p>\n<p><img decoding=\"async\" loading=\"lazy\" class=\"alignnone wp-image-241 size-large\" src=\"https:\/\/nagelfluhkunst.de\/wp-content\/uploads\/2020\/06\/halbunterwasser-1024x683.jpg\" alt=\"\" width=\"812\" height=\"542\" srcset=\"https:\/\/nagelfluhkunst.de\/wp-content\/uploads\/2020\/06\/halbunterwasser-1024x683.jpg 1024w, https:\/\/nagelfluhkunst.de\/wp-content\/uploads\/2020\/06\/halbunterwasser-300x200.jpg 300w, https:\/\/nagelfluhkunst.de\/wp-content\/uploads\/2020\/06\/halbunterwasser-768x512.jpg 768w, https:\/\/nagelfluhkunst.de\/wp-content\/uploads\/2020\/06\/halbunterwasser.jpg 1200w\" sizes=\"(max-width: 812px) 100vw, 812px\" \/><\/p>\n<p>Daher kam ich auf die Idee, denn Kinder schleppen bekanntlich von \u00fcberall Steine mit, welche sie so &#8222;SCH\u00d6\u00d6\u00d6N!&#8220; finden. Oft verlieren sie schon unterwegs den Zauber z. B. weil sie trocknen und nicht mehr gl\u00e4nzen. Meistens liegen sie dann zuhause ungeachtet herum. Dabei sind einige tats\u00e4chlich sch\u00f6n.<\/p>\n<p><img decoding=\"async\" loading=\"lazy\" class=\"alignnone wp-image-235 size-large\" src=\"https:\/\/nagelfluhkunst.de\/wp-content\/uploads\/2020\/06\/mit-nagelfluh-1024x684.jpg\" alt=\"\" width=\"812\" height=\"542\" srcset=\"https:\/\/nagelfluhkunst.de\/wp-content\/uploads\/2020\/06\/mit-nagelfluh-1024x684.jpg 1024w, https:\/\/nagelfluhkunst.de\/wp-content\/uploads\/2020\/06\/mit-nagelfluh-300x200.jpg 300w, https:\/\/nagelfluhkunst.de\/wp-content\/uploads\/2020\/06\/mit-nagelfluh-768x513.jpg 768w, https:\/\/nagelfluhkunst.de\/wp-content\/uploads\/2020\/06\/mit-nagelfluh-1536x1025.jpg 1536w, https:\/\/nagelfluhkunst.de\/wp-content\/uploads\/2020\/06\/mit-nagelfluh.jpg 1600w\" sizes=\"(max-width: 812px) 100vw, 812px\" \/><\/p>\n<p>Manchmal kann man sie noch mit Farbe ver\u00e4ndern oder schm\u00fccken. Oder lediglich mit Lack den gl\u00e4nzenden Eindruck nassen Steins f\u00fcr Jahre erhalten. Besonders geeignet daf\u00fcr ist \u2013 wie ich finde \u2013 unser Nagelfluhgestein, da es in sich bereits so sch\u00f6n, farbig und abwechslungsreich ist.<\/p>\n<p><img decoding=\"async\" loading=\"lazy\" class=\"alignnone wp-image-240 size-large\" src=\"https:\/\/nagelfluhkunst.de\/wp-content\/uploads\/2020\/06\/stein-1024x683.jpg\" alt=\"\" width=\"812\" height=\"542\" srcset=\"https:\/\/nagelfluhkunst.de\/wp-content\/uploads\/2020\/06\/stein-1024x683.jpg 1024w, https:\/\/nagelfluhkunst.de\/wp-content\/uploads\/2020\/06\/stein-300x200.jpg 300w, https:\/\/nagelfluhkunst.de\/wp-content\/uploads\/2020\/06\/stein-768x512.jpg 768w, https:\/\/nagelfluhkunst.de\/wp-content\/uploads\/2020\/06\/stein-1536x1024.jpg 1536w, https:\/\/nagelfluhkunst.de\/wp-content\/uploads\/2020\/06\/stein.jpg 1600w\" sizes=\"(max-width: 812px) 100vw, 812px\" \/><\/p>\n<p>Von der Natur inspiriert ver\u00e4ndern oft schon wenige bewusst gesetzte Farbakzente die Wirkung des Steins \u2013 und machen ihn zu einem unverwechselbaren Unikat.<\/p>\n<p><img decoding=\"async\" loading=\"lazy\" class=\"alignnone wp-image-234 size-large\" src=\"https:\/\/nagelfluhkunst.de\/wp-content\/uploads\/2020\/06\/pinsel-1024x683.jpg\" alt=\"\" width=\"812\" height=\"542\" srcset=\"https:\/\/nagelfluhkunst.de\/wp-content\/uploads\/2020\/06\/pinsel-1024x683.jpg 1024w, https:\/\/nagelfluhkunst.de\/wp-content\/uploads\/2020\/06\/pinsel-300x200.jpg 300w, https:\/\/nagelfluhkunst.de\/wp-content\/uploads\/2020\/06\/pinsel-768x512.jpg 768w, https:\/\/nagelfluhkunst.de\/wp-content\/uploads\/2020\/06\/pinsel.jpg 1200w\" sizes=\"(max-width: 812px) 100vw, 812px\" \/><\/p>\n<p>Ein St\u00fcck veredeltes Allg\u00e4u \u2013 auf der Fensterbank, im Beet oder Blumenkasten oder als Dekoration im Eingangsbereich &#8230;<\/p>\n<p><img decoding=\"async\" loading=\"lazy\" class=\"alignnone wp-image-181 size-full\" src=\"https:\/\/nagelfluhkunst.de\/wp-content\/uploads\/2020\/06\/steine.jpg\" alt=\"\" width=\"1000\" height=\"659\" srcset=\"https:\/\/nagelfluhkunst.de\/wp-content\/uploads\/2020\/06\/steine.jpg 1000w, https:\/\/nagelfluhkunst.de\/wp-content\/uploads\/2020\/06\/steine-300x198.jpg 300w, https:\/\/nagelfluhkunst.de\/wp-content\/uploads\/2020\/06\/steine-768x506.jpg 768w\" sizes=\"(max-width: 1000px) 100vw, 1000px\" \/><\/p>\n<p>Nat\u00fcrlich k\u00f6nnen Sie diese Seite auch als Anregung daf\u00fcr verwenden, selbst einmal Steine sammeln zu gehen. Sollte Sie die Idee gereizt haben, Sie aber keine Zeit oder Lust haben, kalte F\u00fc\u00dfe zu bekommen und schwere Rucks\u00e4cke durch den Tobel zu schleppen, dann fragen Sie gerne! Ich verkaufe auch fertige Steine \u2013 der Preis richtet sich nach Motiv bzw. nach Gewicht \ud83d\ude09<\/p>\n<p><img decoding=\"async\" loading=\"lazy\" class=\"alignnone wp-image-182 size-full\" src=\"https:\/\/nagelfluhkunst.de\/wp-content\/uploads\/2020\/06\/kuhstein.jpg\" alt=\"\" width=\"1000\" height=\"667\" srcset=\"https:\/\/nagelfluhkunst.de\/wp-content\/uploads\/2020\/06\/kuhstein.jpg 1000w, https:\/\/nagelfluhkunst.de\/wp-content\/uploads\/2020\/06\/kuhstein-300x200.jpg 300w, https:\/\/nagelfluhkunst.de\/wp-content\/uploads\/2020\/06\/kuhstein-768x512.jpg 768w\" sizes=\"(max-width: 1000px) 100vw, 1000px\" \/><\/p>\n<p>z.B. &#8222;Stein mit K\u00fchen&#8220; ca. 12 x 6 cm\u00a0\u00a0\u00a0 <strong>18,00 Euro<\/strong><\/p>\n\n\n<p>Stein Natur   <strong>6,00 Euro\/Kilogramm<\/strong><br>Stein lackiert   <strong>8,00 Euro\/Kilogramm<\/strong><\/p>\n\n\n\n<p><em>Alle Preise sind Endpreise, es erfolgt keine Ausweisung der Mwst. nach \u00a7 19 UStG<\/em><br><br>Anfrage und Bestellung gerne per E-Mail: <a rel=\"noreferrer noopener\" href=\"mailto:info@atelier-goldfuss.de\" target=\"_blank\">info@atelier-goldfuss.de<\/a><br>Versandkosten zzgl. 6,00 Euro bis 5 kg \/ 9,00 Euro bis 10 kg<br><strong>Lieferung im Raum Immenstadt\/Oberstaufen frei Haus!<\/strong><\/p>\n","protected":false},"excerpt":{"rendered":"<p>Mancher wird bestimmt denken: &#8222;Das ist doch keine KUNST ein paar Steine sammeln und lackieren! Das kann doch jeder selber machen.&#8220; Stimmt &#8211; eigentlich k\u00f6nnte es jeder selbst machen. Wenn er hier in einen Tobel geht, dort eine Weile ins Wasser guckt, im Bach watet und sich die Steine an Grund und Ufer einmal genau [&hellip;]<\/p>\n","protected":false},"author":1,"featured_media":0,"parent":0,"menu_order":0,"comment_status":"closed","ping_status":"closed","template":"","meta":{"zakra_page_container_layout":"customizer","zakra_page_sidebar_layout":"customizer","zakra_remove_content_margin":false,"zakra_sidebar":"customizer","zakra_transparent_header":"customizer","zakra_logo":0,"zakra_main_header_style":"default","zakra_menu_item_color":"","zakra_menu_item_hover_color":"","zakra_menu_item_active_color":"","zakra_menu_active_style":"","zakra_page_header":true},"_links":{"self":[{"href":"https:\/\/nagelfluhkunst.de\/index.php?rest_route=\/wp\/v2\/pages\/34"}],"collection":[{"href":"https:\/\/nagelfluhkunst.de\/index.php?rest_route=\/wp\/v2\/pages"}],"about":[{"href":"https:\/\/nagelfluhkunst.de\/index.php?rest_route=\/wp\/v2\/types\/page"}],"author":[{"embeddable":true,"href":"https:\/\/nagelfluhkunst.de\/index.php?rest_route=\/wp\/v2\/users\/1"}],"replies":[{"embeddable":true,"href":"https:\/\/nagelfluhkunst.de\/index.php?rest_route=%2Fwp%2Fv2%2Fcomments&post=34"}],"version-history":[{"count":20,"href":"https:\/\/nagelfluhkunst.de\/index.php?rest_route=\/wp\/v2\/pages\/34\/revisions"}],"predecessor-version":[{"id":295,"href":"https:\/\/nagelfluhkunst.de\/index.php?rest_route=\/wp\/v2\/pages\/34\/revisions\/295"}],"wp:attachment":[{"href":"https:\/\/nagelfluhkunst.de\/index.php?rest_route=%2Fwp%2Fv2%2Fmedia&parent=34"}],"curies":[{"name":"wp","href":"https:\/\/api.w.org\/{rel}","templated":true}]}}