{"id":37,"date":"2020-05-28T16:28:37","date_gmt":"2020-05-28T16:28:37","guid":{"rendered":"https:\/\/nagelfluhkunst.de\/?page_id=37"},"modified":"2020-06-01T09:10:18","modified_gmt":"2020-06-01T09:10:18","slug":"impressum","status":"publish","type":"page","link":"https:\/\/nagelfluhkunst.de\/?page_id=37","title":{"rendered":"Impressum &#038; Datenschutz"},"content":{"rendered":"\n<p>Impressum (Angaben gem\u00e4\u00df \u00a7 5 TMG)<\/p>\n\n\n\n<p><strong>Verantwortliche Person f\u00fcr diese Internetseite:<\/strong><br>Stefanie Goldfu\u00df | Badstra\u00dfe 14 | 87534 Oberstaufen (Thalkirchdorf)<br>Tel. 0 83 25 &#8211; 927 925 | E-Mail: info@atelier-goldfuss.de<br>Rechtsform: Kleinunternehmer gem. \u00a7 19 des USG<\/p>\n\n\n\n<p><strong>Streitschlichtung: <\/strong>Die Europ\u00e4ische Kommission stellt eine Plattform zur Online-Streitbeilegung (OS) bereit: https:\/\/ec.europa.eu\/consumers\/odr. Meine E-Mail-Adresse finden Sie oben im Impressum. Ich bin nicht bereit oder verpflichtet, an Streitbeilegungsverfahren vor einer Verbraucherschlichtungsstelle teilzunehmen.<br><br><strong>Haftung f\u00fcr Inhalte: <\/strong>Als Diensteanbieter bin ich gem\u00e4\u00df \u00a7 7 Abs.1 TMG f\u00fcr eigene Inhalte auf diesen Seiten nach den allgemeinen Gesetzen verantwortlich. Nach \u00a7\u00a7 8 bis 10 TMG bin ich als Diensteanbieter jedoch nicht verpflichtet, \u00fcbermittelte oder gespeicherte fremde Informationen zu \u00fcberwachen oder nach Umst\u00e4nden zu forschen, die auf eine rechtswidrige T\u00e4tigkeit hinweisen. Verpflichtungen zur Entfernung oder Sperrung der Nutzung von Informationen nach den allgemeinen Gesetzen bleiben hiervon unber\u00fchrt. Eine diesbez\u00fcgliche Haftung ist jedoch erst ab dem Zeitpunkt der Kenntnis einer konkreten Rechtsverletzung m\u00f6glich. Bei Bekanntwerden von entsprechenden Rechtsverletzungen werde ich diese Inhalte umgehend entfernen.<\/p>\n\n\n\n<p><strong>Haftung f\u00fcr Links: <\/strong>Mein Angebot enth\u00e4lt Links zu externen Websites Dritter, auf deren Inhalte ich keinen Einfluss habe. Deshalb kann ich f\u00fcr diese fremden Inhalte auch keine Gew\u00e4hr \u00fcbernehmen. F\u00fcr die Inhalte der verlinkten Seiten ist stets der jeweilige Anbieter oder Betreiber der Seiten verantwortlich. Die verlinkten Seiten wurden zum Zeitpunkt der Verlinkung auf m\u00f6gliche Rechtsverst\u00f6\u00dfe \u00fcberpr\u00fcft. Rechtswidrige Inhalte waren zum Zeitpunkt der Verlinkung nicht erkennbar. Eine permanente inhaltliche Kontrolle der verlinkten Seiten ist jedoch ohne konkrete Anhaltspunkte einer Rechtsverletzung nicht zumutbar. Bei Bekanntwerden von Rechtsverletzungen werde ich derartige Links umgehend entfernen.<br><br><strong>Urheberrecht: <\/strong>Die durch die Seitenbetreiber erstellten Inhalte und Werke auf diesen Seiten unterliegen dem deutschen Urheberrecht. Die Vervielf\u00e4ltigung, Bearbeitung, Verbreitung und jede Art der Verwertung au\u00dferhalb der Grenzen des Urheberrechtes bed\u00fcrfen der schriftlichen Zustimmung des jeweiligen Autors bzw. Erstellers. Soweit die Inhalte auf dieser Seite nicht vom Betreiber erstellt wurden, werden die Urheberrechte Dritter beachtet. Insbesondere werden Inhalte Dritter als solche gekennzeichnet. Sollten Sie trotzdem auf eine<br>Urheberrechtsverletzung aufmerksam werden, bitte ich um einen entsprechenden Hinweis. Bei<br>Bekanntwerden von Rechtsverletzungen werde ich derartige Inhalte umgehend entfernen.<\/p>\n\n\n\n<p>Quelle: https:\/\/www.e-recht24.de\/impressum-generator.html<br><br><strong><\/strong><\/p>\n\n\n\n<p>Datenschutzerkl\u00e4rung<\/p>\n\n\n\n<p>Diese Datenschutzerkl\u00e4rung kl\u00e4rt Sie \u00fcber die Art, den Umfang und Zweck der Verarbeitung von personenbezogenen Daten (nachfolgend kurz \u201eDaten\u201c) innerhalb meines Onlineangebotes und der mit ihm verbundenen Webseiten, Funktionen und Inhalte sowie externen Onlinepr\u00e4senzen (nachfolgend gemeinsam bezeichnet als \u201eOnlineangebot\u201c) auf. Im Hinblick auf die verwendeten Begrifflichkeiten, wie z.B. \u201eVerarbeitung\u201c oder \u201eVerantwortlicher\u201c verweisen wir auf die Definitionen im Art. 4 der Datenschutzgrundverordnung (DSGVO).<\/p>\n\n\n\n<p><strong>Arten der verarbeiteten Daten<\/strong><br>&#8211; Bestandsdaten (z.B., Namen, Adressen).<br>&#8211; Kontaktdaten (z.B., E-Mail, Telefonnummern).<br>&#8211; Inhaltsdaten (z.B., Texteingaben, Fotografien, Videos).<br>&#8211; Nutzungsdaten (z.B., besuchte Webseiten, Interesse an Inhalten, Zugriffszeiten).<br>&#8211; Meta-\/Kommunikationsdaten (z.B., Ger\u00e4te-Informationen, IP-Adressen).<br><br><\/p>\n\n\n\n<p><strong>Zweck der Verarbeitung<\/strong><\/p>\n\n\n\n<p>&#8211; Zurverf\u00fcgungstellung des Onlineangebotes, seiner Funktionen und Inhalte.<br>&#8211; Beantwortung von Kontaktanfragen und Kommunikation mit Nutzern.<br>&#8211; Sicherheitsma\u00dfnahmen.<br>&#8211; Reichweitenmessung\/Marketing<br><br><\/p>\n\n\n\n<p><strong>Verwendete Begrifflichkeiten<\/strong><\/p>\n\n\n\n<p>\u201ePersonenbezogene Daten\u201c sind alle Informationen, die sich auf eine identifizierte oder identifizierbare nat\u00fcrliche Person (im Folgenden \u201ebetroffene Person\u201c) beziehen; als identifizierbar wird eine nat\u00fcrliche Person angesehen, die direkt oder indirekt, insbesondere mittels Zuordnung zu einer Kennung wie einem Namen, zu einer Kennnummer, zu Standortdaten, zu einer Online-Kennung (z.B. Cookie) oder zu einem oder mehreren besonderen Merkmalen identifiziert werden kann, die Ausdruck der physischen, physiologischen, genetischen, psychischen, wirtschaftlichen, kulturellen oder sozialen Identit\u00e4t dieser nat\u00fcrlichen Person sind.<br>\u201eVerarbeitung\u201c ist jeder mit oder ohne Hilfe automatisierter Verfahren ausgef\u00fchrten Vorgang oder jede solche Vorgangsreihe im Zusammenhang mit personenbezogenen Daten. Der Begriff reicht weit und umfasst praktisch jeden Umgang mit Daten.<br>Als \u201eVerantwortlicher\u201c wird die nat\u00fcrliche oder juristische Person, Beh\u00f6rde, Einrichtung oder andere Stelle, die allein oder gemeinsam mit anderen \u00fcber die Zwecke und Mittel der Verarbeitung von personenbezogenen Daten entscheidet, bezeichnet.<br><br><\/p>\n\n\n\n<p><strong>Ma\u00dfgebliche Rechtsgrundlagen<\/strong><\/p>\n\n\n\n<p>Nach Ma\u00dfgabe des Art. 13 DSGVO teilen wir Ihnen die Rechtsgrundlagen unserer Datenverarbeitungen mit. Sofern die Rechtsgrundlage in der Datenschutzerkl\u00e4rung nicht genannt wird, gilt Folgendes: Die Rechtsgrundlage f\u00fcr die Einholung von Einwilligungen ist Art. 6 Abs. 1 lit. a und Art. 7 DSGVO, die Rechtsgrundlage f\u00fcr die Verarbeitung zur Erf\u00fcllung unserer Leistungen und Durchf\u00fchrung vertraglicher Ma\u00dfnahmen sowie Beantwortung von Anfragen ist Art. 6 Abs. 1 lit. b DSGVO, die Rechtsgrundlage f\u00fcr die Verarbeitung zur Erf\u00fcllung unserer rechtlichen Verpflichtungen ist Art. 6 Abs. 1 lit. c DSGVO, und die Rechtsgrundlage f\u00fcr die Verarbeitung zur Wahrung unserer berechtigten Interessen ist Art. 6 Abs. 1 lit. f DSGVO. F\u00fcr den Fall, dass lebenswichtige Interessen der betroffenen Person oder einer anderen nat\u00fcrlichen Person eine Verarbeitung personenbezogener Daten erforderlich machen, dient Art. 6 Abs. 1 lit. d DSGVO als Rechtsgrundlage.<br><br><\/p>\n\n\n\n<p><strong>Sicherheitsma\u00dfnahmen<\/strong><\/p>\n\n\n\n<p>Wir bitten Sie sich regelm\u00e4\u00dfig \u00fcber den Inhalt unserer Datenschutzerkl\u00e4rung zu informieren. Wir passen die Datenschutzerkl\u00e4rung an, sobald die \u00c4nderungen der von uns durchgef\u00fchrten Datenverarbeitungen dies erforderlich machen. Wir informieren Sie, sobald durch die \u00c4nderungen eine Mitwirkungshandlung Ihrerseits (z.B. Einwilligung) oder eine sonstige individuelle Benachrichtigung erforderlich wird.<br><br><\/p>\n\n\n\n<p><strong>Zusammenarbeit mit Auftragsverarbeitern und Dritten<\/strong><\/p>\n\n\n\n<p>Sofern wir im Rahmen unserer Verarbeitung Daten gegen\u00fcber anderen Personen und Unternehmen (Auftragsverarbeitern oder Dritten) offenbaren, sie an diese \u00fcbermitteln oder ihnen sonst Zugriff auf die Daten gew\u00e4hren, erfolgt dies nur auf Grundlage einer gesetzlichen Erlaubnis (z.B. wenn eine \u00dcbermittlung der Daten an Dritte, wie an Zahlungsdienstleister, gem. Art. 6 Abs. 1 lit. b DSGVO zur Vertragserf\u00fcllung erforderlich ist), Sie eingewilligt haben, eine rechtliche Verpflichtung dies vorsieht oder auf Grundlage unserer berechtigten Interessen (z.B. beim Einsatz von Beauftragten, Webhostern, etc.). Sofern wir Dritte mit der Verarbeitung von Daten auf Grundlage eines sog. \u201eAuftragsverarbeitungsvertrages\u201c beauftragen, geschieht dies auf Grundlage des Art. 28 DSGVO.<br><br><\/p>\n\n\n\n<p><strong>Rechte der betroffenen Personen<\/strong><\/p>\n\n\n\n<p>Sie haben das Recht, eine Best\u00e4tigung dar\u00fcber zu verlangen, ob betreffende Daten verarbeitet werden und auf Auskunft \u00fcber diese Daten sowie auf weitere Informationen und Kopie der Daten entsprechend Art. 15 DSGVO. Sie haben entsprechend. Art. 16 DSGVO das Recht, die Vervollst\u00e4ndigung der Sie betreffenden Daten oder die Berichtigung der Sie betreffenden unrichtigen Daten zu verlangen. Sie haben nach Ma\u00dfgabe des Art. 17 DSGVO das Recht zu verlangen, dass betreffende Daten unverz\u00fcglich gel\u00f6scht werden, bzw. alternativ nach Ma\u00dfgabe des Art. 18 DSGVO eine Einschr\u00e4nkung der Verarbeitung der Daten zu verlangen.<br>Sie haben das Recht zu verlangen, dass die Sie betreffenden Daten, die Sie uns bereitgestellt haben nach Ma\u00dfgabe des Art. 20 DSGVO zu erhalten und deren \u00dcbermittlung an andere Verantwortliche zu fordern. Sie haben ferner gem. Art. 77 DSGVO das Recht, eine Beschwerde bei der zust\u00e4ndigen Aufsichtsbeh\u00f6rde einzureichen.<br><br><\/p>\n\n\n\n<p><strong>Widerrufsrecht<\/strong><\/p>\n\n\n\n<p>Sie haben das Recht, erteilte Einwilligungen gem. Art. 7 Abs. 3 DSGVO mit Wirkung f\u00fcr die Zukunft zu widerrufen<br><br><\/p>\n\n\n\n<p>Widerspruchsrecht<\/p>\n\n\n\n<p>Sie k\u00f6nnen der k\u00fcnftigen Verarbeitung der Sie betreffenden Daten nach Ma\u00dfgabe des Art. 21 DSGVO jederzeit widersprechen. Der Widerspruch kann insbesondere gegen die Verarbeitung f\u00fcr Zwecke der Direktwerbung erfolgen.<br><br><\/p>\n\n\n\n<p><strong>Cookies und Widerspruchsrecht bei Direktwerbung<\/strong><\/p>\n\n\n\n<p>Als \u201eCookies\u201c werden kleine Dateien bezeichnet, die auf Rechnern der Nutzer gespeichert werden. Innerhalb der Cookies k\u00f6nnen unterschiedliche Angaben gespeichert werden. Ein Cookie dient prim\u00e4r dazu, die Angaben zu einem Nutzer (bzw. dem Ger\u00e4t auf dem das Cookie gespeichert ist) w\u00e4hrend oder auch nach seinem Besuch innerhalb eines Onlineangebotes zu speichern. Als tempor\u00e4re Cookies, bzw. \u201eSession-Cookies\u201c oder \u201etransiente Cookies\u201c, werden Cookies bezeichnet, die gel\u00f6scht werden, nachdem ein Nutzer ein Onlineangebot verl\u00e4sst und seinen Browser schlie\u00dft. In einem solchen Cookie kann z.B. der Inhalt eines Warenkorbs in einem Onlineshop oder ein Login-Staus gespeichert werden. Als \u201epermanent\u201c oder \u201epersistent\u201c werden Cookies bezeichnet, die auch nach dem Schlie\u00dfen des Browsers gespeichert bleiben. So kann z.B. der Login-Status gespeichert werden, wenn die Nutzer diese nach mehreren Tagen aufsuchen. Ebenso k\u00f6nnen in einem solchen Cookie die Interessen der Nutzer gespeichert werden, die f\u00fcr Reichweitenmessung oder Marketingzwecke verwendet werden. Als \u201eThird-Party-Cookie\u201c werden Cookies bezeichnet, die von anderen Anbietern als dem Verantwortlichen, der das Onlineangebot betreibt, angeboten werden (andernfalls, wenn es nur dessen Cookies sind spricht man von \u201eFirst-Party Cookies\u201c). <strong><br>Wir k\u00f6nnen tempor\u00e4re und permanente Cookies einsetzen. <\/strong><strong>Falls die Nutzer nicht m\u00f6chten, dass Cookies auf ihrem Rechner gespeichert werden, werden sie gebeten die entsprechende Option in den Systemeinstellungen ihres Browsers zu deaktivieren. Gespeicherte Cookies k\u00f6nnen in den Systemeinstellungen des Browsers gel\u00f6scht werden. Der Ausschluss von Cookies kann zu Funktionseinschr\u00e4nkungen dieses Onlineangebotes f\u00fchren.<\/strong><br>Ein genereller Widerspruch gegen den Einsatz der zu Zwecken des Onlinemarketing eingesetzten Cookies kann bei einer Vielzahl der Dienste, vor allem im Fall des Trackings, \u00fcber die US-amerikanische Seite http:\/\/www.aboutads.info\/choices\/ oder die EU-Seite http:\/\/www.youronlinechoices.com\/ erkl\u00e4rt werden.<br><br><\/p>\n\n\n\n<p><strong>L\u00f6schung von Daten<\/strong><\/p>\n\n\n\n<p>Die von uns verarbeiteten Daten werden nach Ma\u00dfgabe der Art. 17 und 18 DSGVO gel\u00f6scht oder in ihrer Verarbeitung eingeschr\u00e4nkt. Sofern nicht im Rahmen dieser Datenschutzerkl\u00e4rung ausdr\u00fccklich angegeben, werden die bei uns gespeicherten Daten gel\u00f6scht, sobald sie f\u00fcr ihre Zweckbestimmung nicht mehr erforderlich sind und der L\u00f6schung keine gesetzlichen Aufbewahrungspflichten entgegenstehen. Sofern die Daten nicht gel\u00f6scht werden, weil sie f\u00fcr andere und gesetzlich zul\u00e4ssige Zwecke erforderlich sind, wird deren Verarbeitung eingeschr\u00e4nkt. D.h. die Daten werden gesperrt und nicht f\u00fcr andere Zwecke verarbeitet. Das gilt z.B. f\u00fcr Daten, die aus handels- oder steuerrechtlichen Gr\u00fcnden aufbewahrt werden m\u00fcssen. Nach gesetzlichen Vorgaben in Deutschland, erfolgt die Aufbewahrung insbesondere f\u00fcr 10 Jahre gem\u00e4\u00df \u00a7\u00a7 147 Abs. 1 AO, 257 Abs. 1 Nr. 1 und 4, Abs. 4 HGB (B\u00fccher, Aufzeichnungen, Lageberichte, Buchungsbelege, Handelsb\u00fccher, f\u00fcr Besteuerung relevanter Unterlagen, etc.) und 6 Jahre gem\u00e4\u00df \u00a7 257 Abs. 1 Nr. 2 und 3, Abs. 4 HGB (Handelsbriefe).<br><br><\/p>\n\n\n\n<p><strong>Gesch\u00e4ftsbezogene Verarbeitung<\/strong><\/p>\n\n\n\n<p>Zus\u00e4tzlich verarbeiten wir<br>&#8211; Vertragsdaten (z.B., Vertragsgegenstand, Laufzeit, Kundenkategorie).<br>&#8211; Zahlungsdaten (z.B., Bankverbindung, Zahlungshistorie)<br>von unseren Kunden, Interessenten und Gesch\u00e4ftspartner zwecks Erbringung vertraglicher Leistungen, Service und Kundenpflege, Marketing, Werbung und Marktforschung.<br><br><strong>Hosting<\/strong><\/p>\n\n\n\n<p>Die von uns in Anspruch genommenen Hosting-Leistungen dienen der Zurverf\u00fcgungstellung der folgenden Leistungen: Infrastruktur- und Plattformdienstleistungen, Rechenkapazit\u00e4t, Speicherplatz und Datenbankdienste, Sicherheitsleistungen sowie technische Wartungsleistungen, die wir zum Zwecke des Betriebs dieses Onlineangebotes einsetzen.<br>Hierbei verarbeiten wir, bzw. unser Hostinganbieter Bestandsdaten, Kontaktdaten, Inhaltsdaten, Vertragsdaten, Nutzungsdaten, Meta- und Kommunikationsdaten von Kunden, Interessenten und Besuchern dieses Onlineangebotes auf Grundlage unserer berechtigten Interessen an einer effizienten und sicheren Zurverf\u00fcgungstellung dieses Onlineangebotes gem. Art. 6 Abs. 1 lit. f DSGVO i.V.m. Art. 28 DSGVO (Abschluss Auftragsverarbeitungsvertrag).<br><br><\/p>\n\n\n\n<p><strong>Erhebung von Zugriffsdaten und Logfiles<\/strong><\/p>\n\n\n\n<p>Wir, bzw. unser Hostinganbieter, erhebt auf Grundlage unserer berechtigten Interessen im Sinne des Art. 6 Abs. 1 lit. f. DSGVO Daten \u00fcber jeden Zugriff auf den Server, auf dem sich dieser Dienst befindet (sogenannte Serverlogfiles). Zu den Zugriffsdaten geh\u00f6ren Name der abgerufenen Webseite, Datei, Datum und Uhrzeit des Abrufs, \u00fcbertragene Datenmenge, Meldung \u00fcber erfolgreichen Abruf, Browsertyp nebst Version, das Betriebssystem des Nutzers, Referrer URL (die zuvor besuchte Seite), IP-Adresse und der anfragende Provider.<br>Logfile-Informationen werden aus Sicherheitsgr\u00fcnden (z.B. zur Aufkl\u00e4rung von Missbrauchs- oder Betrugshandlungen) f\u00fcr die Dauer von maximal 7 Tagen gespeichert und danach gel\u00f6scht. Daten, deren weitere Aufbewahrung zu Beweiszwecken erforderlich ist, sind bis zur endg\u00fcltigen Kl\u00e4rung des jeweiligen Vorfalls von der L\u00f6schung ausgenommen.<br><br><\/p>\n\n\n\n<p><strong>Agenturdienstleistungen<\/strong><\/p>\n\n\n\n<p>Wir verarbeiten die Daten unserer Kunden im Rahmen unserer vertraglichen Leistungen zu denen konzeptionelle und strategische Beratung, Kampagnenplanung, Software- und Designentwicklung\/-beratung oder Pflege, Umsetzung von Kampagnen und Prozessen\/ Handling, Serveradministration, Datenanalyse\/ Beratungsleistungen und Schulungsleistungen geh\u00f6ren. Hierbei verarbeiten wir Bestandsdaten (z.B., Kundenstammdaten, wie Namen oder Adressen), Kontaktdaten (z.B., E-Mail, Telefonnummern), Inhaltsdaten (z.B., Texteingaben, Fotografien, Videos), Vertragsdaten (z.B., Vertragsgegenstand, Laufzeit), Zahlungsdaten (z.B., Bankverbindung, Zahlungshistorie), Nutzungs- und Metadaten (z.B. im Rahmen der Auswertung und Erfolgsmessung von Marketingma\u00dfnahmen). Besondere Kategorien personenbezogener Daten verarbeiten wir grunds\u00e4tzlich nicht, au\u00dfer wenn diese Bestandteile einer beauftragten Verarbeitung sind. Zu den Betroffenen geh\u00f6ren unsere Kunden, Interessenten sowie deren Kunden, Nutzer, Websitebesucher oder Mitarbeiter sowie Dritte. Der Zweck der Verarbeitung besteht in der Erbringung von Vertragsleistungen, Abrechnung und unserem Kundenservice. Die Rechtsgrundlagen der Verarbeitung ergeben sich aus Art. 6 Abs. 1 lit. b DSGVO (vertragliche Leistungen), Art. 6 Abs. 1 lit. f DSGVO (Analyse, Statistik, Optimierung, Sicherheitsma\u00dfnahmen). Wir verarbeiten Daten, die zur Begr\u00fcndung und Erf\u00fcllung der vertraglichen Leistungen erforderlich sind und weisen auf die Erforderlichkeit ihrer Angabe hin. Eine Offenlegung an Externe erfolgt nur, wenn sie im Rahmen eines Auftrags erforderlich ist. Bei der Verarbeitung der uns im Rahmen eines Auftrags \u00fcberlassenen Daten handeln wir entsprechend den Weisungen der Auftraggeber sowie der gesetzlichen Vorgaben einer Auftragsverarbeitung gem. Art. 28 DSGVO und verarbeiten die Daten zu keinen anderen, als den auftragsgem\u00e4\u00dfen Zwecken.<br><br><\/p>\n\n\n\n<p><strong>Kontaktaufnahme<\/strong><\/p>\n\n\n\n<p>Bei der Kontaktaufnahme mit uns (z.B. per Kontaktformular, E-Mail, Telefon oder via sozialer Medien) werden die Angaben des Nutzers zur Bearbeitung der Kontaktanfrage und deren Abwicklung gem. Art. 6 Abs. 1 lit. b) DSGVO verarbeitet. Die Angaben der Nutzer k\u00f6nnen in einem Customer-Relationship-Management System (&#8222;CRM System&#8220;) oder vergleichbarer Anfragenorganisation gespeichert werden. Wir l\u00f6schen die Anfragen, sofern diese nicht mehr erforderlich sind. Wir \u00fcberpr\u00fcfen die Erforderlichkeit alle zwei Jahre; Ferner gelten die gesetzlichen Archivierungspflichten.<br><br><\/p>\n\n\n\n<p><strong>Onlinepr\u00e4senzen in sozialen Medien<\/strong><\/p>\n\n\n\n<p>Wir unterhalten Onlinepr\u00e4senzen innerhalb sozialer Netzwerke und Plattformen, um mit den dort aktiven Kunden, Interessenten und Nutzern kommunizieren und sie dort \u00fcber unsere Leistungen informieren zu k\u00f6nnen. Beim Aufruf der jeweiligen Netzwerke und Plattformen gelten die Gesch\u00e4ftsbedingungen und die Datenverarbeitungsrichtlinien deren jeweiligen Betreiber. Soweit nicht anders im Rahmen unserer Datenschutzerkl\u00e4rung angegeben, verarbeiten wir die Daten der Nutzer sofern diese mit uns innerhalb der sozialen Netzwerke und Plattformen kommunizieren, z.B. Beitr\u00e4ge auf unseren Onlinepr\u00e4senzen verfassen oder uns Nachrichten zusenden.<br><br><\/p>\n\n\n\n<p>Quelle: Datenschutz-Generator.de von RA Dr. Thomas Schwenke<\/p>\n","protected":false},"excerpt":{"rendered":"<p>Impressum (Angaben gem\u00e4\u00df \u00a7 5 TMG) Verantwortliche Person f\u00fcr diese Internetseite:Stefanie Goldfu\u00df | Badstra\u00dfe 14 | 87534 Oberstaufen (Thalkirchdorf)Tel. 0 83 25 &#8211; 927 925 | E-Mail: info@atelier-goldfuss.deRechtsform: Kleinunternehmer gem. \u00a7 19 des USG Streitschlichtung: Die Europ\u00e4ische Kommission stellt eine Plattform zur Online-Streitbeilegung (OS) bereit: https:\/\/ec.europa.eu\/consumers\/odr. Meine E-Mail-Adresse finden Sie oben im Impressum. Ich bin [&hellip;]<\/p>\n","protected":false},"author":1,"featured_media":0,"parent":0,"menu_order":0,"comment_status":"closed","ping_status":"closed","template":"","meta":[],"_links":{"self":[{"href":"https:\/\/nagelfluhkunst.de\/index.php?rest_route=\/wp\/v2\/pages\/37"}],"collection":[{"href":"https:\/\/nagelfluhkunst.de\/index.php?rest_route=\/wp\/v2\/pages"}],"about":[{"href":"https:\/\/nagelfluhkunst.de\/index.php?rest_route=\/wp\/v2\/types\/page"}],"author":[{"embeddable":true,"href":"https:\/\/nagelfluhkunst.de\/index.php?rest_route=\/wp\/v2\/users\/1"}],"replies":[{"embeddable":true,"href":"https:\/\/nagelfluhkunst.de\/index.php?rest_route=%2Fwp%2Fv2%2Fcomments&post=37"}],"version-history":[{"count":2,"href":"https:\/\/nagelfluhkunst.de\/index.php?rest_route=\/wp\/v2\/pages\/37\/revisions"}],"predecessor-version":[{"id":82,"href":"https:\/\/nagelfluhkunst.de\/index.php?rest_route=\/wp\/v2\/pages\/37\/revisions\/82"}],"wp:attachment":[{"href":"https:\/\/nagelfluhkunst.de\/index.php?rest_route=%2Fwp%2Fv2%2Fmedia&parent=37"}],"curies":[{"name":"wp","href":"https:\/\/api.w.org\/{rel}","templated":true}]}}